{"id":31,"date":"2019-01-31T23:35:07","date_gmt":"2019-01-31T22:35:07","guid":{"rendered":"https:\/\/bimainternational.com\/?page_id=31"},"modified":"2025-06-17T19:49:44","modified_gmt":"2025-06-17T17:49:44","slug":"pocetak","status":"publish","type":"page","link":"https:\/\/bimainternational.com\/sr\/","title":{"rendered":"\u201eTalenat je kombinacija kreativnosti, hrabrosti, intuicije i tehni\u010dkih ve\u0161tina koje omogu\u0107avaju da shvatimo aspekte stvarnosti koje ve\u0107ina ljudi ne mo\u017ee da vidi!\u201c"},"content":{"rendered":"<p><\/p>\n<p>Ve\u0107 21 godinu poslujemo uspe\u0161no u Italiji i svetu. Iskreno se zahvaljujemo svim klijentima i poslovnim partnerima koji nas podr\u017eavaju i cene na\u0161e vrednosti: profesionalizam, upornost, doslednost, entuzijazam. Uz Va\u0161u podr\u0161ku na\u0161e ideje i projekti postali su stvarnost. U budu\u0107nosti, jo\u0161 ve\u0107a posve\u0107enost i prepoznatljiva predanost kako bi ostvarili jo\u0161 ve\u0107e ciljeve s Vama, ve\u0107e ali ne i nemogu\u0107e.<\/p>\n<p><\/p>\n<figure><img src=\"https:\/\/bimainternational.com\/wp-content\/uploads\/2019\/04\/DSC_7184_531x800-2.jpg\" alt=\"\" width=\"170\" height=\"256\" \/><\/figure>\n<p><\/p>\n<p style=\"text-align: center;\"><em>BIMA INTERNATIONAL <br \/>dipl.ecc. Biljana Karapan\u017ei\u0107 <\/em><\/p>\n<p><\/p>\n<figure><img src=\"https:\/\/bimainternational.com\/wp-content\/uploads\/2019\/04\/business-tree-growth-success.fw_-1.png\" alt=\"\" \/><\/figure>\n<p><\/p>\n<p>21<\/p>","protected":false},"excerpt":{"rendered":"<p>Ve\u0107 21 godinu poslujemo uspe\u0161no u Italiji i svetu. Iskreno se zahvaljujemo svim klijentima i poslovnim partnerima koji nas podr\u017eavaju i cene na\u0161e vrednosti: profesionalizam, upornost, doslednost, entuzijazam. Uz Va\u0161u podr\u0161ku na\u0161e ideje i projekti postali su stvarnost. U budu\u0107nosti, jo\u0161 ve\u0107a posve\u0107enost i prepoznatljiva predanost kako bi ostvarili jo\u0161 ve\u0107e ciljeve s Vama, ve\u0107e [&hellip;]<\/p>\n","protected":false},"author":1,"featured_media":0,"parent":0,"menu_order":0,"comment_status":"closed","ping_status":"closed","template":"","meta":{"ocean_post_layout":"","ocean_both_sidebars_style":"","ocean_both_sidebars_content_width":0,"ocean_both_sidebars_sidebars_width":0,"ocean_sidebar":"0","ocean_second_sidebar":"0","ocean_disable_margins":"enable","ocean_add_body_class":"","ocean_shortcode_before_top_bar":"","ocean_shortcode_after_top_bar":"","ocean_shortcode_before_header":"","ocean_shortcode_after_header":"","ocean_has_shortcode":"","ocean_shortcode_after_title":"","ocean_shortcode_before_footer_widgets":"","ocean_shortcode_after_footer_widgets":"","ocean_shortcode_before_footer_bottom":"","ocean_shortcode_after_footer_bottom":"","ocean_display_top_bar":"default","ocean_display_header":"default","ocean_header_style":"minimal","ocean_center_header_left_menu":"0","ocean_custom_header_template":"0","ocean_custom_logo":0,"ocean_custom_retina_logo":0,"ocean_custom_logo_max_width":0,"ocean_custom_logo_tablet_max_width":0,"ocean_custom_logo_mobile_max_width":0,"ocean_custom_logo_max_height":0,"ocean_custom_logo_tablet_max_height":0,"ocean_custom_logo_mobile_max_height":0,"ocean_header_custom_menu":"0","ocean_menu_typo_font_family":"0","ocean_menu_typo_font_subset":"","ocean_menu_typo_font_size":0,"ocean_menu_typo_font_size_tablet":0,"ocean_menu_typo_font_size_mobile":0,"ocean_menu_typo_font_size_unit":"px","ocean_menu_typo_font_weight":"900","ocean_menu_typo_font_weight_tablet":"","ocean_menu_typo_font_weight_mobile":"","ocean_menu_typo_transform":"","ocean_menu_typo_transform_tablet":"","ocean_menu_typo_transform_mobile":"","ocean_menu_typo_line_height":0,"ocean_menu_typo_line_height_tablet":0,"ocean_menu_typo_line_height_mobile":0,"ocean_menu_typo_line_height_unit":"","ocean_menu_typo_spacing":0,"ocean_menu_typo_spacing_tablet":0,"ocean_menu_typo_spacing_mobile":0,"ocean_menu_typo_spacing_unit":"","ocean_menu_link_color":"","ocean_menu_link_color_hover":"","ocean_menu_link_color_active":"","ocean_menu_link_background":"","ocean_menu_link_hover_background":"","ocean_menu_link_active_background":"","ocean_menu_social_links_bg":"","ocean_menu_social_hover_links_bg":"","ocean_menu_social_links_color":"","ocean_menu_social_hover_links_color":"","ocean_disable_title":"default","ocean_disable_heading":"default","ocean_post_title":"","ocean_post_subheading":"","ocean_post_title_style":"","ocean_post_title_background_color":"","ocean_post_title_background":0,"ocean_post_title_bg_image_position":"","ocean_post_title_bg_image_attachment":"","ocean_post_title_bg_image_repeat":"","ocean_post_title_bg_image_size":"","ocean_post_title_height":0,"ocean_post_title_bg_overlay":0.5,"ocean_post_title_bg_overlay_color":"","ocean_disable_breadcrumbs":"default","ocean_breadcrumbs_color":"","ocean_breadcrumbs_separator_color":"","ocean_breadcrumbs_links_color":"","ocean_breadcrumbs_links_hover_color":"","ocean_display_footer_widgets":"default","ocean_display_footer_bottom":"off","ocean_custom_footer_template":"0","footnotes":""},"class_list":["post-31","page","type-page","status-publish","hentry","entry"],"_links":{"self":[{"href":"https:\/\/bimainternational.com\/sr\/wp-json\/wp\/v2\/pages\/31","targetHints":{"allow":["GET"]}}],"collection":[{"href":"https:\/\/bimainternational.com\/sr\/wp-json\/wp\/v2\/pages"}],"about":[{"href":"https:\/\/bimainternational.com\/sr\/wp-json\/wp\/v2\/types\/page"}],"author":[{"embeddable":true,"href":"https:\/\/bimainternational.com\/sr\/wp-json\/wp\/v2\/users\/1"}],"replies":[{"embeddable":true,"href":"https:\/\/bimainternational.com\/sr\/wp-json\/wp\/v2\/comments?post=31"}],"version-history":[{"count":62,"href":"https:\/\/bimainternational.com\/sr\/wp-json\/wp\/v2\/pages\/31\/revisions"}],"predecessor-version":[{"id":659,"href":"https:\/\/bimainternational.com\/sr\/wp-json\/wp\/v2\/pages\/31\/revisions\/659"}],"wp:attachment":[{"href":"https:\/\/bimainternational.com\/sr\/wp-json\/wp\/v2\/media?parent=31"}],"curies":[{"name":"wp","href":"https:\/\/api.w.org\/{rel}","templated":true}]}}