{"id":230,"date":"2019-04-01T00:41:01","date_gmt":"2019-03-31T22:41:01","guid":{"rendered":"https:\/\/bimainternational.com\/?page_id=230"},"modified":"2026-04-03T07:14:06","modified_gmt":"2026-04-03T05:14:06","slug":"reference-2","status":"publish","type":"page","link":"https:\/\/bimainternational.com\/sr\/reference-2\/","title":{"rendered":"Reference"},"content":{"rendered":"\t\t<div data-elementor-type=\"wp-page\" data-elementor-id=\"230\" class=\"elementor elementor-230\">\n\t\t\t\t\t\t<section class=\"elementor-section elementor-top-section elementor-element elementor-element-f5ef81 elementor-section-boxed elementor-section-height-default elementor-section-height-default\" data-id=\"f5ef81\" data-element_type=\"section\" data-e-type=\"section\">\n\t\t\t\t\t\t<div class=\"elementor-container elementor-column-gap-default\">\n\t\t\t\t\t<div class=\"elementor-column elementor-col-100 elementor-top-column elementor-element elementor-element-1f878ad\" data-id=\"1f878ad\" data-element_type=\"column\" data-e-type=\"column\">\n\t\t\t<div class=\"elementor-widget-wrap elementor-element-populated\">\n\t\t\t\t\t\t<div class=\"elementor-element elementor-element-5e9f5b1a elementor-widget elementor-widget-text-editor\" data-id=\"5e9f5b1a\" data-element_type=\"widget\" data-e-type=\"widget\" data-widget_type=\"text-editor.default\">\n\t\t\t\t<div class=\"elementor-widget-container\">\n\t\t\t\t\t\t\t\t\t<figure class=\"wp-block-image alignleft is-resized\"><\/figure>\n<p><!-- \/wp:image --><!-- wp:paragraph --><\/p>\n<p><img class=\"wp-image-265 alignleft\" src=\"https:\/\/bimainternational.com\/wp-content\/uploads\/2019\/04\/npt-logo-300x78.png\" alt=\"\" width=\"157\" height=\"41\" \/><strong>NPT-New Polyurethane Technologies<\/strong>, sa sedi\u0161tem u Italiji, razvijaju formulacije i proizvode lepak i PU zaptiva\u010de visokih performansi ve\u0107 preko 20 godina. Inovativna tehnolo\u0161ka re\u0161enja koja zadovoljavaju potrebe globalnog tr\u017ei\u0161ta. NPT \u010dine talentovani i visoko motivisani istra\u017eiva\u010dki tim stru\u010dnjaka sa modernom, savremenom laboratorijskom opremom, najnovijim analiti\u010dkim alatima i impresivnim pilot postrojenjima. Tehnologija EcoSiMP kombinuje prednosti silana sa koristima eliminisanja katalizatora i evolucije metanola tokom stvrdnjavanja lepka. To je najnoviji primer najsavremenije tehnologije NPT-a koja na\u0161im kupcima nudi proizvode koji su vi\u0161e prilago\u0111eni korisniku i imaju manje uticaja na \u017eivotnu sredinu od postoje\u0107ih proizvoda. Danas je NPT lider u proizvodnji najboljih re\u0161enja lepljenja i zaptivanja zbog jake osnove izgra\u0111ene na na\u0161im klju\u010dnim kompetencijama. NPT projektuje i proizvodi sopstvene osnovne polimere. NPT je postao lider u razvoju jedinstvenih, visokih performansi vezivnih i zaptivnih re\u0161enja zasnovanih na poliuretanskim i silan-modifikovanim polimernim tehnologijama.<\/p>\n<p><img class=\"size-medium wp-image-565 aligncenter\" src=\"https:\/\/bimainternational.com\/wp-content\/uploads\/2019\/04\/directglazing-300x122.jpg\" alt=\"\" width=\"300\" height=\"122\" srcset=\"https:\/\/bimainternational.com\/wp-content\/uploads\/2019\/04\/directglazing-300x122.jpg 300w, https:\/\/bimainternational.com\/wp-content\/uploads\/2019\/04\/directglazing-768x311.jpg 768w, https:\/\/bimainternational.com\/wp-content\/uploads\/2019\/04\/directglazing.jpg 901w\" sizes=\"(max-width: 300px) 100vw, 300px\" \/><\/p>\n<p><!-- \/wp:image --><!-- wp:image {\"id\":302,\"width\":170,\"height\":60,\"linkDestination\":\"custom\",\"align\":\"left\"} --><\/p>\n<figure class=\"wp-block-image alignleft is-resized\"><a href=\"https:\/\/www.dollmar.com\/cms\/?lang=en\" target=\"_blank\" rel=\"noreferrer noopener\"><img width=\"260\" height=\"80\" class=\"wp-image-302\" style=\"width: 170px; height: 60px;\" src=\"https:\/\/bimainternational.com\/wp-content\/uploads\/2019\/04\/logo-dollmar2-1.png\" alt=\"\" \/><\/a><\/figure>\n<p><!-- \/wp:image --><!-- wp:paragraph --><\/p>\n<p><strong>GRUPA DOLLMAR<\/strong> iz Milana je poznata na italijanskom i svetskom tr\u017ei\u0161tu po proizvodnji i distribuciji hemijskih proizvoda za industriju i postrojenja za industrijsko pranje i povr\u0161inski tretman. Vi\u0161e od 70 godina uspeha potvr\u0111uju mogu\u0107nost Dollmar-a da ponudi proizvode i usluge u koraku s vremenom, \u0161to zna\u010di da gleda unapred. Glavne oblasti poslovanja: <br \/>1) HEMIKALIJE: distribucija hemijskih sirovina, proizvodi za povr\u0161inski tretman,proizvodi za \u0161iroku potro\u0161nju(VMD Italia deo na\u0161e grupacije)<br \/>2)POSTROJENJA I USLUGE ZA POVR\u0160INSKE TRETMANE: Sistemi za pranje i sistemi povr\u0161inske obrade (Dollmar Meccanica),hemijska, tehni\u010dka i ekolo\u0161ka pomo\u0107 i konsultacije (obezbe\u0111uje EOS odeljenje ), re\u0161enja za povr\u0161insku predobradu.<\/p>\n<p><!-- \/wp:paragraph --><!-- wp:image {\"id\":566,\"width\":425,\"height\":100,\"align\":\"center\"} --><\/p>\n<figure class=\"wp-block-image aligncenter is-resized\"><img loading=\"lazy\" width=\"870\" height=\"206\" class=\"wp-image-566\" style=\"width: 425px; height: 100px;\" src=\"https:\/\/bimainternational.com\/wp-content\/uploads\/2019\/04\/cover-prodottichimici.jpg\" alt=\"\" srcset=\"https:\/\/bimainternational.com\/wp-content\/uploads\/2019\/04\/cover-prodottichimici.jpg 870w, https:\/\/bimainternational.com\/wp-content\/uploads\/2019\/04\/cover-prodottichimici-300x71.jpg 300w, https:\/\/bimainternational.com\/wp-content\/uploads\/2019\/04\/cover-prodottichimici-768x182.jpg 768w\" sizes=\"(max-width: 870px) 100vw, 870px\" \/><\/figure>\n<p><!-- \/wp:image --><!-- wp:image {\"id\":634,\"width\":172,\"height\":80,\"linkDestination\":\"custom\",\"align\":\"left\"} --><\/p>\n<figure class=\"wp-block-image alignleft is-resized\"><a href=\"http:\/\/www.vmditalia.com\/en\/\" target=\"_blank\" rel=\"noreferrer noopener\"><img loading=\"lazy\" width=\"1024\" height=\"482\" class=\"wp-image-634\" style=\"width: 172px; height: 80px;\" src=\"https:\/\/bimainternational.com\/wp-content\/uploads\/2019\/10\/VMD-1024x482.jpg\" alt=\"\" srcset=\"https:\/\/bimainternational.com\/wp-content\/uploads\/2019\/10\/VMD-1024x482.jpg 1024w, https:\/\/bimainternational.com\/wp-content\/uploads\/2019\/10\/VMD-300x141.jpg 300w, https:\/\/bimainternational.com\/wp-content\/uploads\/2019\/10\/VMD-768x362.jpg 768w\" sizes=\"(max-width: 1024px) 100vw, 1024px\" \/><\/a><\/figure>\n<p><!-- \/wp:image --><!-- wp:paragraph --><\/p>\n<p><strong>VMD ITALIA<\/strong>, osnovana 1994. godine, razvila je sopstvenu proizvodnju u sektoru aerosola, prvo su to bili tehni\u010dki proizvodi u spreju za automobilski, industrijski, hardverski i kancelarijski sektor, zatim su pro\u0161irili proizvodnju uvode\u0107i u proizvodnju akrilne sprejeve u bojama. Svi proizvodi su formulisani, razvijeni i proizvedeni u fabrici. Laboratorija VMD konstantno se bavi istra\u017eivanjem i razvojem sve inovativnijih i najkvalitetnijih formulacija. VMD se predstavlja na tr\u017ei\u0161tu sa obnovljenom i kompletnom prodajnom mre\u017eom u zemlji i inostranstvu. Zahvaljuju\u0107i va\u017enom sporazumu sa Grupom Dollmar spa 2012. godine, sa \u017eeljom da konsoliduje svoje znanje, danas je VMD sinonim za napredak, uslugu i kvalitet, postaju\u0107i vode\u0107a kompanija u proizvodnji sprejeva i razre\u0111iva\u010da.<\/p>\n<p><!-- \/wp:paragraph --><!-- wp:image {\"id\":567,\"width\":248,\"height\":261,\"align\":\"center\"} --><\/p>\n<figure class=\"wp-block-image aligncenter is-resized\"><img loading=\"lazy\" width=\"973\" height=\"1024\" class=\"wp-image-567\" style=\"width: 248px; height: 261px;\" src=\"https:\/\/bimainternational.com\/wp-content\/uploads\/2019\/04\/VMD_OINTURAS-Y-TRAZADORES-973x1024-973x1024.png\" alt=\"\" srcset=\"https:\/\/bimainternational.com\/wp-content\/uploads\/2019\/04\/VMD_OINTURAS-Y-TRAZADORES-973x1024.png 973w, https:\/\/bimainternational.com\/wp-content\/uploads\/2019\/04\/VMD_OINTURAS-Y-TRAZADORES-973x1024-285x300.png 285w, https:\/\/bimainternational.com\/wp-content\/uploads\/2019\/04\/VMD_OINTURAS-Y-TRAZADORES-973x1024-768x808.png 768w\" sizes=\"(max-width: 973px) 100vw, 973px\" \/><\/figure>\n<p><!-- \/wp:image --><!-- wp:image {\"id\":293,\"width\":170,\"height\":80,\"linkDestination\":\"custom\",\"align\":\"left\"} --><\/p>\n<figure class=\"wp-block-image alignleft is-resized\"><\/figure>\n<p><!-- \/wp:image --><!-- wp:paragraph --><\/p>\n<p>\u00a0<\/p>\n<p><!-- \/wp:paragraph --><!-- wp:image {\"id\":234,\"width\":170,\"height\":43,\"linkDestination\":\"custom\",\"align\":\"left\"} --><\/p>\n<figure class=\"wp-block-image alignleft is-resized\"><a href=\"https:\/\/www.masticivottero.it\/\" target=\"_blank\" rel=\"noreferrer noopener\"><img loading=\"lazy\" width=\"1024\" height=\"245\" class=\"wp-image-234\" style=\"width: 170px; height: 43px;\" src=\"https:\/\/bimainternational.com\/wp-content\/uploads\/2019\/04\/logo-vottero-1-1024x245.png\" alt=\"\" srcset=\"https:\/\/bimainternational.com\/wp-content\/uploads\/2019\/04\/logo-vottero-1-1024x245.png 1024w, https:\/\/bimainternational.com\/wp-content\/uploads\/2019\/04\/logo-vottero-1-300x72.png 300w, https:\/\/bimainternational.com\/wp-content\/uploads\/2019\/04\/logo-vottero-1-768x184.png 768w, https:\/\/bimainternational.com\/wp-content\/uploads\/2019\/04\/logo-vottero-1.png 1382w\" sizes=\"(max-width: 1024px) 100vw, 1024px\" \/><\/a><\/figure>\n<p><!-- \/wp:image --><!-- wp:paragraph --><\/p>\n<p><strong>MASTICI VOTTERO<\/strong> je renomirani italijanski proizvo\u0111a\u010d svih vrsta silikona,akrilnog gita kao i raznih vrsta lepka za upotrebu u gra\u0111evinarstvu. Tokom godina,razvili su \u0161irok spektar profesionalnih proizvoda, namenjen veleprodaji i maloprodaji. Izbor najkvalitetnijih sirovina,posedovanje CE sertifikata kao i \u00a0konstantna inovacija i pra\u0107enje zahteva tr\u017ei\u0161ta omogu\u0107ili su nam konstantan rast prodaje i preko 15 miliona prodatih \u010daura silikona u Italiji,na Balkanu i \u0161irom sveta. Pored sopstvenog brenda Masters, proizvodimo i za vode\u0107e svetske firme u njihovom li\u010dnom brendu. Vrhunska usluga, fleksibilnost i odgovornost su karakteristike po kojima nas prepoznaju ve\u0107 vi\u0161e od 35 godina.<\/p>\n<p><!-- \/wp:paragraph --><!-- wp:image {\"id\":588,\"width\":493,\"height\":194,\"align\":\"center\"} --><\/p>\n<figure class=\"wp-block-image aligncenter is-resized\"><img loading=\"lazy\" width=\"1024\" height=\"404\" class=\"wp-image-588\" style=\"width: 493px; height: 194px;\" src=\"https:\/\/bimainternational.com\/wp-content\/uploads\/2019\/04\/DSC_2030_1200x800-002-e1554935032639-1024x404.jpg\" alt=\"\" srcset=\"https:\/\/bimainternational.com\/wp-content\/uploads\/2019\/04\/DSC_2030_1200x800-002-e1554935032639-1024x404.jpg 1024w, https:\/\/bimainternational.com\/wp-content\/uploads\/2019\/04\/DSC_2030_1200x800-002-e1554935032639-300x119.jpg 300w, https:\/\/bimainternational.com\/wp-content\/uploads\/2019\/04\/DSC_2030_1200x800-002-e1554935032639-768x303.jpg 768w, https:\/\/bimainternational.com\/wp-content\/uploads\/2019\/04\/DSC_2030_1200x800-002-e1554935032639.jpg 1200w\" sizes=\"(max-width: 1024px) 100vw, 1024px\" \/><\/figure>\n<p><!-- \/wp:image --><\/p>\t\t\t\t\t\t\t\t<\/div>\n\t\t\t\t<\/div>\n\t\t\t\t\t<\/div>\n\t\t<\/div>\n\t\t\t\t\t<\/div>\n\t\t<\/section>\n\t\t\t\t<\/div>\n\t\t","protected":false},"excerpt":{"rendered":"<p>NPT-New Polyurethane Technologies, sa sedi\u0161tem u Italiji, razvijaju formulacije i proizvode lepak i PU zaptiva\u010de visokih performansi ve\u0107 preko 20 godina. Inovativna tehnolo\u0161ka re\u0161enja koja zadovoljavaju potrebe globalnog tr\u017ei\u0161ta. NPT \u010dine talentovani i visoko motivisani istra\u017eiva\u010dki tim stru\u010dnjaka sa modernom, savremenom laboratorijskom opremom, najnovijim analiti\u010dkim alatima i impresivnim pilot postrojenjima. Tehnologija EcoSiMP kombinuje prednosti silana [&hellip;]<\/p>\n","protected":false},"author":1,"featured_media":0,"parent":0,"menu_order":0,"comment_status":"closed","ping_status":"closed","template":"","meta":{"ocean_post_layout":"","ocean_both_sidebars_style":"","ocean_both_sidebars_content_width":0,"ocean_both_sidebars_sidebars_width":0,"ocean_sidebar":"0","ocean_second_sidebar":"0","ocean_disable_margins":"enable","ocean_add_body_class":"","ocean_shortcode_before_top_bar":"","ocean_shortcode_after_top_bar":"","ocean_shortcode_before_header":"","ocean_shortcode_after_header":"","ocean_has_shortcode":"","ocean_shortcode_after_title":"","ocean_shortcode_before_footer_widgets":"","ocean_shortcode_after_footer_widgets":"","ocean_shortcode_before_footer_bottom":"","ocean_shortcode_after_footer_bottom":"","ocean_display_top_bar":"default","ocean_display_header":"default","ocean_header_style":"","ocean_center_header_left_menu":"0","ocean_custom_header_template":"0","ocean_custom_logo":0,"ocean_custom_retina_logo":0,"ocean_custom_logo_max_width":0,"ocean_custom_logo_tablet_max_width":0,"ocean_custom_logo_mobile_max_width":0,"ocean_custom_logo_max_height":0,"ocean_custom_logo_tablet_max_height":0,"ocean_custom_logo_mobile_max_height":0,"ocean_header_custom_menu":"0","ocean_menu_typo_font_family":"0","ocean_menu_typo_font_subset":"","ocean_menu_typo_font_size":0,"ocean_menu_typo_font_size_tablet":0,"ocean_menu_typo_font_size_mobile":0,"ocean_menu_typo_font_size_unit":"px","ocean_menu_typo_font_weight":"900","ocean_menu_typo_font_weight_tablet":"","ocean_menu_typo_font_weight_mobile":"","ocean_menu_typo_transform":"","ocean_menu_typo_transform_tablet":"","ocean_menu_typo_transform_mobile":"","ocean_menu_typo_line_height":0,"ocean_menu_typo_line_height_tablet":0,"ocean_menu_typo_line_height_mobile":0,"ocean_menu_typo_line_height_unit":"","ocean_menu_typo_spacing":0,"ocean_menu_typo_spacing_tablet":0,"ocean_menu_typo_spacing_mobile":0,"ocean_menu_typo_spacing_unit":"","ocean_menu_link_color":"","ocean_menu_link_color_hover":"","ocean_menu_link_color_active":"","ocean_menu_link_background":"","ocean_menu_link_hover_background":"","ocean_menu_link_active_background":"","ocean_menu_social_links_bg":"","ocean_menu_social_hover_links_bg":"","ocean_menu_social_links_color":"","ocean_menu_social_hover_links_color":"","ocean_disable_title":"default","ocean_disable_heading":"default","ocean_post_title":"","ocean_post_subheading":"","ocean_post_title_style":"","ocean_post_title_background_color":"","ocean_post_title_background":0,"ocean_post_title_bg_image_position":"","ocean_post_title_bg_image_attachment":"","ocean_post_title_bg_image_repeat":"","ocean_post_title_bg_image_size":"","ocean_post_title_height":0,"ocean_post_title_bg_overlay":0.5,"ocean_post_title_bg_overlay_color":"","ocean_disable_breadcrumbs":"default","ocean_breadcrumbs_color":"","ocean_breadcrumbs_separator_color":"","ocean_breadcrumbs_links_color":"","ocean_breadcrumbs_links_hover_color":"","ocean_display_footer_widgets":"default","ocean_display_footer_bottom":"default","ocean_custom_footer_template":"0","footnotes":""},"class_list":["post-230","page","type-page","status-publish","hentry","entry"],"_links":{"self":[{"href":"https:\/\/bimainternational.com\/sr\/wp-json\/wp\/v2\/pages\/230","targetHints":{"allow":["GET"]}}],"collection":[{"href":"https:\/\/bimainternational.com\/sr\/wp-json\/wp\/v2\/pages"}],"about":[{"href":"https:\/\/bimainternational.com\/sr\/wp-json\/wp\/v2\/types\/page"}],"author":[{"embeddable":true,"href":"https:\/\/bimainternational.com\/sr\/wp-json\/wp\/v2\/users\/1"}],"replies":[{"embeddable":true,"href":"https:\/\/bimainternational.com\/sr\/wp-json\/wp\/v2\/comments?post=230"}],"version-history":[{"count":63,"href":"https:\/\/bimainternational.com\/sr\/wp-json\/wp\/v2\/pages\/230\/revisions"}],"predecessor-version":[{"id":682,"href":"https:\/\/bimainternational.com\/sr\/wp-json\/wp\/v2\/pages\/230\/revisions\/682"}],"wp:attachment":[{"href":"https:\/\/bimainternational.com\/sr\/wp-json\/wp\/v2\/media?parent=230"}],"curies":[{"name":"wp","href":"https:\/\/api.w.org\/{rel}","templated":true}]}}