{"id":32,"date":"2019-01-31T23:35:07","date_gmt":"2019-01-31T22:35:07","guid":{"rendered":"https:\/\/bimainternational.com\/?page_id=32"},"modified":"2022-01-17T18:22:21","modified_gmt":"2022-01-17T17:22:21","slug":"o","status":"publish","type":"page","link":"https:\/\/bimainternational.com\/it\/o\/","title":{"rendered":"Cosa facciamo?"},"content":{"rendered":"<div data-elementor-type=\"wp-post\" data-elementor-id=\"32\" class=\"elementor elementor-32\">\n\t\t\t\t\t\t<section class=\"elementor-section elementor-top-section elementor-element elementor-element-37880fdc elementor-section-boxed elementor-section-height-default elementor-section-height-default\" data-id=\"37880fdc\" data-element_type=\"section\" data-e-type=\"section\">\n\t\t\t\t\t\t<div class=\"elementor-container elementor-column-gap-default\">\n\t\t\t\t\t<div class=\"elementor-column elementor-col-100 elementor-top-column elementor-element elementor-element-726e1358\" data-id=\"726e1358\" data-element_type=\"column\" data-e-type=\"column\">\n\t\t\t<div class=\"elementor-widget-wrap elementor-element-populated\">\n\t\t\t\t\t\t<div class=\"elementor-element elementor-element-5e64baf7 elementor-widget elementor-widget-text-editor\" data-id=\"5e64baf7\" data-element_type=\"widget\" data-e-type=\"widget\" data-widget_type=\"text-editor.default\">\n\t\t\t\t<div class=\"elementor-widget-container\">\n\t\t\t\t\t\t\t\t\t<p><\/p>\n<div class=\"wp-block-image\">\n<figure class=\"aligncenter is-resized\"><img fetchpriority=\"high\" src=\"https:\/\/bimainternational.com\/wp-content\/uploads\/2019\/04\/Cime-se-bavimo-2.jpg\" alt=\"\" class=\"wp-image-603\" width=\"497\" height=\"319\" srcset=\"https:\/\/bimainternational.com\/wp-content\/uploads\/2019\/04\/Cime-se-bavimo-2.jpg 740w, https:\/\/bimainternational.com\/wp-content\/uploads\/2019\/04\/Cime-se-bavimo-2-300x193.jpg 300w\" sizes=\"(max-width: 497px) 100vw, 497px\" \/><\/figure>\n<\/div>\n<p><\/p>\n<p><\/p>\n<p><strong>La Bima International<\/strong> \u00e8 un'azienda che si occupa di intermediazione nel commercio internazionale nel mercato europeo. Dalla sua fondazione nel 2004, ha sviluppato un'ampia rete di collaboratori e partner commerciali in tutta Europa, <strong>\u00c8 presente sul mercato di 16 paesi:<\/strong> Serbia, Montenegro, Bosnia ed Erzegovina, Croazia, Macedonia, Slovenia, Albania, Romania, Grecia, Bulgaria, Malta, Israele, Polonia, Bielorussia e Slovacchia ... La Bima International offre alta competenza basata su esperienza professionale e una squadra di giovani, internazionali e altamente professionali collaboratori e partner. La nostra eccellente conoscenza del mercato nel quale lavoriamo e le tendenze attuali, ci permettono di seguire i nostri clienti verso  nuovi successi in nuovi mercati.<br><br><strong>Biljana Karapand\u017ei\u0107<\/strong>, la proprietaria dell'azienda, si \u00e8 laureata presso la Facolt\u00e0 di Economia e commercio di Belgrado nel 1998 dopo di ch\u00e9 ha proseguito lo sviluppo professionale in Italia. Ha iniziato la sua carriera nel gennaio 2001 nella Colorchimica Spa di Verona, dove ha lavorato come responsabile ufficio estero, sviluppando una rete di distribuzione e seguendo le richieste del mercato nei Balcani, acquisendo esperienza di base. Nell'aprile 2004, ha deciso di iniziare una carriera indipendente e di aprire la societ\u00e0 con il sostegno della sua famiglia e dei partner strategici d'affari. Passo dopo passo, sta espandendo la sua rete in oltre 15 paesi, i suoi clienti soddisfatti, alcuni dei quali sono tre le pi\u00f9 famose multinazionali del mondo con cui ha accordi per i marchi  personalizzati, la introducono nelle loro consociate di altri paesi. Seguiamo continuamente le richieste dei clienti e con reciproca soddisfazione sviluppiamo cooperazioni con nuovi partner commerciali in tutta Europa.<br><\/p>\n<p><\/p>\n<p><\/p>\n<div class=\"wp-block-image\">\n<figure class=\"aligncenter is-resized\"><img src=\"https:\/\/bimainternational.com\/wp-content\/uploads\/2019\/04\/SAJAM-TEHNIKE-BEOGRAD-2005_2.jpg\" alt=\"\" class=\"wp-image-483\" width=\"465\" height=\"349\" srcset=\"https:\/\/bimainternational.com\/wp-content\/uploads\/2019\/04\/SAJAM-TEHNIKE-BEOGRAD-2005_2.jpg 800w, https:\/\/bimainternational.com\/wp-content\/uploads\/2019\/04\/SAJAM-TEHNIKE-BEOGRAD-2005_2-300x225.jpg 300w, https:\/\/bimainternational.com\/wp-content\/uploads\/2019\/04\/SAJAM-TEHNIKE-BEOGRAD-2005_2-768x576.jpg 768w\" sizes=\"(max-width: 465px) 100vw, 465px\" \/><\/figure>\n<\/div>\n<p><\/p>\n<p><\/p>\n<p><strong>La Bima International vi offre i seguenti servizi:<\/strong>:<\/p>\n<p><\/p>\n<p><\/p>\n<ul class=\"wp-block-list\">\n<li><strong>Analisi di mercato<\/strong>&nbsp;(Quali sono i nostri concorrenti pi\u00f9 importanti? Quali sono i prezzi competitivi? Quali sono le esigenze ancora non soddisfatte sul mercato? Qual \u00e8 la probabilit\u00e0 di vendere un nuovo prodotto? Qual \u00e8 il miglior canale di vendita per la promozione dei prodotti?)<\/li>\n<li><strong>Ricerca dei partner commerciali<\/strong>&nbsp;(Scegliamo contatti adeguati per le esigenze specifiche dei nostri clienti)<\/li>\n<li><strong>Ricerca dei prodotti<\/strong>&nbsp;(I nostri servizi per la ricerca di fornitori stranieri offrono l'opportunit\u00e0 di stabilire relazioni commerciali per l'approvvigionamento di materie prime, prodotti semilavorati e prodotti finiti)<\/li>\n<li><strong>Organizzazione di fiere<\/strong>&nbsp;(Ci prendiamo cura della tua partecipazione alle fiere - dalla registrazione all'organizzazione dello stand, compresa l'organizzazione del vostro viaggio e soggiorno)<\/li>\n<li><strong>Strategia di sviluppo del mercato e organizzazione della distribuzione.<\/strong><\/li>\n<\/ul>\n<p><\/p>\n<p><\/p>\n<div class=\"wp-block-image\">\n<figure class=\"aligncenter is-resized\"><img src=\"https:\/\/bimainternational.com\/wp-content\/uploads\/2019\/04\/IMG_20190121_171230-2.jpg\" alt=\"\" class=\"wp-image-471\" width=\"446\" height=\"335\" srcset=\"https:\/\/bimainternational.com\/wp-content\/uploads\/2019\/04\/IMG_20190121_171230-2.jpg 800w, https:\/\/bimainternational.com\/wp-content\/uploads\/2019\/04\/IMG_20190121_171230-2-300x225.jpg 300w, https:\/\/bimainternational.com\/wp-content\/uploads\/2019\/04\/IMG_20190121_171230-2-768x576.jpg 768w\" sizes=\"(max-width: 446px) 100vw, 446px\" \/><\/figure>\n<\/div>\n<p><\/p>\n<p><\/p>\n<p>La Bima International ha la capacit\u00e0 di operare in tutti i settori di mercato. Negli ultimi anni, abbiamo avuto successo soprattutto in:<\/p>\n<p><\/p>\n<p><\/p>\n<ul class=\"wp-block-list\">\n<li><strong>Settore automobilistico - <\/strong>Colla PU, adesivo PU per parabrezza e cristalli, MS Polimeri, spray tecnici, pulitori e sgrassatori industriali di vari tipi.<\/li>\n<li><strong>Settore edilizio<\/strong> un programma completo per l'installazione di parquet e pvc, pitture e vernici, vernici per legno, siliconi e sigillanti, diluenti, spray acrilici, schiume poliuretaniche di tutti i tipi ecc.<\/li>\n<\/ul>\n<p><\/p>\n<p><\/p>\n<div class=\"wp-block-image\">\n<figure class=\"aligncenter is-resized\"><img loading=\"lazy\" src=\"https:\/\/bimainternational.com\/wp-content\/uploads\/2019\/04\/Cime-se-bavimo.-jpg.jpg\" alt=\"\" class=\"wp-image-604\" width=\"494\" height=\"329\" srcset=\"https:\/\/bimainternational.com\/wp-content\/uploads\/2019\/04\/Cime-se-bavimo.-jpg.jpg 750w, https:\/\/bimainternational.com\/wp-content\/uploads\/2019\/04\/Cime-se-bavimo.-jpg-300x200.jpg 300w\" sizes=\"(max-width: 494px) 100vw, 494px\" \/><\/figure>\n<\/div>\n<p><\/p>\t\t\t\t\t\t\t\t<\/div>\n\t\t\t\t<\/div>\n\t\t\t\t\t<\/div>\n\t\t<\/div>\n\t\t\t\t\t<\/div>\n\t\t<\/section>\n\t\t\t\t<\/div>","protected":false},"excerpt":{"rendered":"<p>Bima International je firma koja se bavi posredovanjem u me\u0111unarodnoj trgovini na tr\u017ei\u0161tu Evrope. Od svog osnivanja 2004. god. razvila je \u0161iroku mre\u017eu saradnika i poslovnih partnera \u0161irom Evrope, prisutna je na tr\u017ei\u0161tu 16 zemalja: Srbiji, Crnoj Gori, Bosni i Hercegovini, Hrvatskoj, Makedoniji, Sloveniji, Albaniji, Rumuniji, Gr\u010dkoj, Bugarskoj, Malti, Izraelu, Poljskoj, Belorusiji i Slova\u010dkoj\u2026 Bima [&hellip;]<\/p>\n","protected":false},"author":1,"featured_media":117,"parent":0,"menu_order":0,"comment_status":"closed","ping_status":"closed","template":"","meta":{"ocean_post_layout":"","ocean_both_sidebars_style":"","ocean_both_sidebars_content_width":0,"ocean_both_sidebars_sidebars_width":0,"ocean_sidebar":"0","ocean_second_sidebar":"0","ocean_disable_margins":"enable","ocean_add_body_class":"","ocean_shortcode_before_top_bar":"","ocean_shortcode_after_top_bar":"","ocean_shortcode_before_header":"","ocean_shortcode_after_header":"","ocean_has_shortcode":"","ocean_shortcode_after_title":"","ocean_shortcode_before_footer_widgets":"","ocean_shortcode_after_footer_widgets":"","ocean_shortcode_before_footer_bottom":"","ocean_shortcode_after_footer_bottom":"","ocean_display_top_bar":"default","ocean_display_header":"default","ocean_header_style":"","ocean_center_header_left_menu":"0","ocean_custom_header_template":"0","ocean_custom_logo":0,"ocean_custom_retina_logo":0,"ocean_custom_logo_max_width":0,"ocean_custom_logo_tablet_max_width":0,"ocean_custom_logo_mobile_max_width":0,"ocean_custom_logo_max_height":0,"ocean_custom_logo_tablet_max_height":0,"ocean_custom_logo_mobile_max_height":0,"ocean_header_custom_menu":"0","ocean_menu_typo_font_family":"0","ocean_menu_typo_font_subset":"","ocean_menu_typo_font_size":0,"ocean_menu_typo_font_size_tablet":0,"ocean_menu_typo_font_size_mobile":0,"ocean_menu_typo_font_size_unit":"px","ocean_menu_typo_font_weight":"900","ocean_menu_typo_font_weight_tablet":"","ocean_menu_typo_font_weight_mobile":"","ocean_menu_typo_transform":"","ocean_menu_typo_transform_tablet":"","ocean_menu_typo_transform_mobile":"","ocean_menu_typo_line_height":0,"ocean_menu_typo_line_height_tablet":0,"ocean_menu_typo_line_height_mobile":0,"ocean_menu_typo_line_height_unit":"","ocean_menu_typo_spacing":0,"ocean_menu_typo_spacing_tablet":0,"ocean_menu_typo_spacing_mobile":0,"ocean_menu_typo_spacing_unit":"","ocean_menu_link_color":"","ocean_menu_link_color_hover":"","ocean_menu_link_color_active":"","ocean_menu_link_background":"","ocean_menu_link_hover_background":"","ocean_menu_link_active_background":"","ocean_menu_social_links_bg":"","ocean_menu_social_hover_links_bg":"","ocean_menu_social_links_color":"","ocean_menu_social_hover_links_color":"","ocean_disable_title":"default","ocean_disable_heading":"default","ocean_post_title":"","ocean_post_subheading":"","ocean_post_title_style":"","ocean_post_title_background_color":"","ocean_post_title_background":0,"ocean_post_title_bg_image_position":"","ocean_post_title_bg_image_attachment":"","ocean_post_title_bg_image_repeat":"","ocean_post_title_bg_image_size":"","ocean_post_title_height":0,"ocean_post_title_bg_overlay":0.5,"ocean_post_title_bg_overlay_color":"","ocean_disable_breadcrumbs":"default","ocean_breadcrumbs_color":"","ocean_breadcrumbs_separator_color":"","ocean_breadcrumbs_links_color":"","ocean_breadcrumbs_links_hover_color":"","ocean_display_footer_widgets":"default","ocean_display_footer_bottom":"default","ocean_custom_footer_template":"0","footnotes":""},"class_list":["post-32","page","type-page","status-publish","has-post-thumbnail","hentry","entry","has-media"],"_links":{"self":[{"href":"https:\/\/bimainternational.com\/it\/wp-json\/wp\/v2\/pages\/32","targetHints":{"allow":["GET"]}}],"collection":[{"href":"https:\/\/bimainternational.com\/it\/wp-json\/wp\/v2\/pages"}],"about":[{"href":"https:\/\/bimainternational.com\/it\/wp-json\/wp\/v2\/types\/page"}],"author":[{"embeddable":true,"href":"https:\/\/bimainternational.com\/it\/wp-json\/wp\/v2\/users\/1"}],"replies":[{"embeddable":true,"href":"https:\/\/bimainternational.com\/it\/wp-json\/wp\/v2\/comments?post=32"}],"version-history":[{"count":44,"href":"https:\/\/bimainternational.com\/it\/wp-json\/wp\/v2\/pages\/32\/revisions"}],"predecessor-version":[{"id":653,"href":"https:\/\/bimainternational.com\/it\/wp-json\/wp\/v2\/pages\/32\/revisions\/653"}],"wp:featuredmedia":[{"embeddable":true,"href":"https:\/\/bimainternational.com\/it\/wp-json\/wp\/v2\/media\/117"}],"wp:attachment":[{"href":"https:\/\/bimainternational.com\/it\/wp-json\/wp\/v2\/media?parent=32"}],"curies":[{"name":"wp","href":"https:\/\/api.w.org\/{rel}","templated":true}]}}