{"id":32,"date":"2019-01-31T23:35:07","date_gmt":"2019-01-31T22:35:07","guid":{"rendered":"https:\/\/bimainternational.com\/?page_id=32"},"modified":"2022-01-17T18:22:21","modified_gmt":"2022-01-17T17:22:21","slug":"o","status":"publish","type":"page","link":"http:\/\/bimainternational.com\/sr\/o\/","title":{"rendered":"\u010cime se bavimo?"},"content":{"rendered":"\t\t<div data-elementor-type=\"wp-post\" data-elementor-id=\"32\" class=\"elementor elementor-32\">\n\t\t\t\t\t\t<section class=\"elementor-section elementor-top-section elementor-element elementor-element-37880fdc elementor-section-boxed elementor-section-height-default elementor-section-height-default\" data-id=\"37880fdc\" data-element_type=\"section\" data-e-type=\"section\">\n\t\t\t\t\t\t<div class=\"elementor-container elementor-column-gap-default\">\n\t\t\t\t\t<div class=\"elementor-column elementor-col-100 elementor-top-column elementor-element elementor-element-726e1358\" data-id=\"726e1358\" data-element_type=\"column\" data-e-type=\"column\">\n\t\t\t<div class=\"elementor-widget-wrap elementor-element-populated\">\n\t\t\t\t\t\t<div class=\"elementor-element elementor-element-5e64baf7 elementor-widget elementor-widget-text-editor\" data-id=\"5e64baf7\" data-element_type=\"widget\" data-e-type=\"widget\" data-widget_type=\"text-editor.default\">\n\t\t\t\t<div class=\"elementor-widget-container\">\n\t\t\t\t\t\t\t\t\t<p><\/p>\n<div class=\"wp-block-image\">\n<figure class=\"aligncenter is-resized\"><img fetchpriority=\"high\" src=\"https:\/\/bimainternational.com\/wp-content\/uploads\/2019\/04\/Cime-se-bavimo-2.jpg\" alt=\"\" class=\"wp-image-603\" width=\"497\" height=\"319\" srcset=\"https:\/\/bimainternational.com\/wp-content\/uploads\/2019\/04\/Cime-se-bavimo-2.jpg 740w, https:\/\/bimainternational.com\/wp-content\/uploads\/2019\/04\/Cime-se-bavimo-2-300x193.jpg 300w\" sizes=\"(max-width: 497px) 100vw, 497px\" \/><\/figure>\n<\/div>\n<p><\/p>\n<p><\/p>\n<p><strong>Bima International<\/strong> je firma koja se bavi posredovanjem u me\u0111unarodnoj trgovini na tr\u017ei\u0161tu Evrope. Od svog osnivanja 2004. god. razvila je \u0161iroku mre\u017eu saradnika i poslovnih partnera \u0161irom Evrope, <strong>prisutna  je na tr\u017ei\u0161tu 16 zemalja:<\/strong> Srbiji, Crnoj Gori, Bosni i Hercegovini, Hrvatskoj, Makedoniji, Sloveniji, Albaniji, Rumuniji, Gr\u010dkoj,  Bugarskoj, Malti, Izraelu, Poljskoj, Belorusiji i Slova\u010dkoj\u2026 Bima International nudi visoku kompetentnost zasnovanu na profesionalnom iskustvu i mladom, internacionalnom i visoko stru\u010dnom timu saradnika. Na\u0161e odli\u010dno poznavanje tr\u017ei\u0161ta, na kojem radimo i aktuelnih trendova omogu\u0107avaju nam da pratimo na\u0161e klijente do novih uspeha na novim tr\u017ei\u0161tima.<br><br><strong>Biljana Karapand\u017ei\u0107<\/strong>, vlasnica firme, diplomirala je na Ekonomskom fakultetu u Beogradu 1998. godine a dalje stru\u010dno usavr\u0161avanje nastavlja u Italiji. Karijeru zapo\u010dinje u januaru 2001. godine u Italiji u fabrici Colorchimica u Veroni, gde radi kao export manad\u017eer, razvijaju\u0107i distributivnu mre\u017eu i prate\u0107i zahteve tr\u017ei\u0161ta na Balkanu, sti\u010de osnovna iskustva. U aprilu 2004. se odlu\u010duje da otpo\u010dne samostalnu karijeru i otvara firmu uz veliku podr\u0161ku kako njene porodice, tako i klju\u010dnih strate\u0161kih poslovnih partnera. Korak po korak, \u0161iri svoju mre\u017eu u preko 15 zemalja a zadovoljni klijenti, od kojih su neki najpoznatije svetske multinacionalne korporacije s kojima ima ugovor o li\u010dnom brendu, je preporu\u010duju svojim kolegama u drugim regijama. Na obostrano zadovoljstvo i dalje pratimo zahteve klijenata i razvijamo saradnje sa novim poslovnim partnerima \u0161irom Evrope.<br><\/p>\n<p><\/p>\n<p><\/p>\n<div class=\"wp-block-image\">\n<figure class=\"aligncenter is-resized\"><img src=\"https:\/\/bimainternational.com\/wp-content\/uploads\/2019\/04\/SAJAM-TEHNIKE-BEOGRAD-2005_2.jpg\" alt=\"\" class=\"wp-image-483\" width=\"465\" height=\"349\" srcset=\"https:\/\/bimainternational.com\/wp-content\/uploads\/2019\/04\/SAJAM-TEHNIKE-BEOGRAD-2005_2.jpg 800w, https:\/\/bimainternational.com\/wp-content\/uploads\/2019\/04\/SAJAM-TEHNIKE-BEOGRAD-2005_2-300x225.jpg 300w, https:\/\/bimainternational.com\/wp-content\/uploads\/2019\/04\/SAJAM-TEHNIKE-BEOGRAD-2005_2-768x576.jpg 768w\" sizes=\"(max-width: 465px) 100vw, 465px\" \/><\/figure>\n<\/div>\n<p><\/p>\n<p><\/p>\n<p><strong>Bima International Vam nudi slede\u0107e usluge<\/strong>:<\/p>\n<p><\/p>\n<p><\/p>\n<ul class=\"wp-block-list\">\n<li><strong>Analiza tr\u017ei\u0161ta<\/strong>&nbsp;(Ko su na\u0161i najva\u017eniji konkurenti? Koje su konkurentske cene? Koje su jo\u0161 nezadovoljene potrebe na tr\u017ei\u0161tu? Koja je verovatno\u0107a prodaje novog proizvoda? Koji je najbolji kanal prodaje za promociju proizvoda?)<\/li>\n<li><strong>Tra\u017eenje poslovnih partnera<\/strong>&nbsp;(Mi biramo adekvatne kontakte za specifi\u010dne potrebe na\u0161ih klijenata)<\/li>\n<li><strong>Tra\u017eenje proizvoda<\/strong>&nbsp;(Na\u0161a usluga nala\u017eenja inostranih dobavlja\u010da nudi mogu\u0107nost instauracije poslovnih odnosa za nabavku sirovina, poluproizvoda i ostalih neophodnih delova za Va\u0161u proizvodnju)<\/li>\n<li><strong>Organizacija sajmova<\/strong>&nbsp;(Brinemo se o Va\u0161em u\u010destvovanju na sajmovima \u2013 od prijave do organizacije \u0161tanda, uklju\u010duju\u0107i i organizaciju Va\u0161eg putovanja i boravka)<\/li>\n<li><strong>Strategija razvoja tr\u017ei\u0161ta i organizacija distribucije.<\/strong><\/li>\n<\/ul>\n<p><\/p>\n<p><\/p>\n<div class=\"wp-block-image\">\n<figure class=\"aligncenter is-resized\"><img src=\"https:\/\/bimainternational.com\/wp-content\/uploads\/2019\/04\/IMG_20190121_171230-2.jpg\" alt=\"\" class=\"wp-image-471\" width=\"446\" height=\"335\" srcset=\"https:\/\/bimainternational.com\/wp-content\/uploads\/2019\/04\/IMG_20190121_171230-2.jpg 800w, https:\/\/bimainternational.com\/wp-content\/uploads\/2019\/04\/IMG_20190121_171230-2-300x225.jpg 300w, https:\/\/bimainternational.com\/wp-content\/uploads\/2019\/04\/IMG_20190121_171230-2-768x576.jpg 768w\" sizes=\"(max-width: 446px) 100vw, 446px\" \/><\/figure>\n<\/div>\n<p><\/p>\n<p><\/p>\n<p>Bima International ima mogu\u0107nost delovanja u svim tr\u017ei\u0161nim sektorima. Tokom poslednjih godina smo imali uspeh posebno u:<\/p>\n<p><\/p>\n<p><\/p>\n<ul class=\"wp-block-list\">\n<li><strong>Automobilskom sektoru \u2013 <\/strong>PU lepak, PU lepak za staklo,MS polimeri, tehni\u010dki sprejevi, industrijski \u010dista\u010di i odma\u0161\u0107iva\u010di&#8230;<\/li>\n<li><strong>Gra\u0111evinskom sektoru<\/strong> \u2013 kompletan program za ugradnju parketa i pvc-a, razredjivaci, boje i lakovi, lakovi za drvo, silikoni i gitovi, pur-pene svih vrsta, sprejevi i dr.<\/li>\n<\/ul>\n<p><\/p>\n<p><\/p>\n<div class=\"wp-block-image\">\n<figure class=\"aligncenter is-resized\"><img loading=\"lazy\" src=\"https:\/\/bimainternational.com\/wp-content\/uploads\/2019\/04\/Cime-se-bavimo.-jpg.jpg\" alt=\"\" class=\"wp-image-604\" width=\"494\" height=\"329\" srcset=\"https:\/\/bimainternational.com\/wp-content\/uploads\/2019\/04\/Cime-se-bavimo.-jpg.jpg 750w, https:\/\/bimainternational.com\/wp-content\/uploads\/2019\/04\/Cime-se-bavimo.-jpg-300x200.jpg 300w\" sizes=\"(max-width: 494px) 100vw, 494px\" \/><\/figure>\n<\/div>\n<p><\/p>\t\t\t\t\t\t\t\t<\/div>\n\t\t\t\t<\/div>\n\t\t\t\t\t<\/div>\n\t\t<\/div>\n\t\t\t\t\t<\/div>\n\t\t<\/section>\n\t\t\t\t<\/div>\n\t\t","protected":false},"excerpt":{"rendered":"<p>Bima International je firma koja se bavi posredovanjem u me\u0111unarodnoj trgovini na tr\u017ei\u0161tu Evrope. Od svog osnivanja 2004. god. razvila je \u0161iroku mre\u017eu saradnika i poslovnih partnera \u0161irom Evrope, prisutna je na tr\u017ei\u0161tu 16 zemalja: Srbiji, Crnoj Gori, Bosni i Hercegovini, Hrvatskoj, Makedoniji, Sloveniji, Albaniji, Rumuniji, Gr\u010dkoj, Bugarskoj, Malti, Izraelu, Poljskoj, Belorusiji i Slova\u010dkoj\u2026 Bima [&hellip;]<\/p>\n","protected":false},"author":1,"featured_media":117,"parent":0,"menu_order":0,"comment_status":"closed","ping_status":"closed","template":"","meta":{"ocean_post_layout":"","ocean_both_sidebars_style":"","ocean_both_sidebars_content_width":0,"ocean_both_sidebars_sidebars_width":0,"ocean_sidebar":"0","ocean_second_sidebar":"0","ocean_disable_margins":"enable","ocean_add_body_class":"","ocean_shortcode_before_top_bar":"","ocean_shortcode_after_top_bar":"","ocean_shortcode_before_header":"","ocean_shortcode_after_header":"","ocean_has_shortcode":"","ocean_shortcode_after_title":"","ocean_shortcode_before_footer_widgets":"","ocean_shortcode_after_footer_widgets":"","ocean_shortcode_before_footer_bottom":"","ocean_shortcode_after_footer_bottom":"","ocean_display_top_bar":"default","ocean_display_header":"default","ocean_header_style":"","ocean_center_header_left_menu":"0","ocean_custom_header_template":"0","ocean_custom_logo":0,"ocean_custom_retina_logo":0,"ocean_custom_logo_max_width":0,"ocean_custom_logo_tablet_max_width":0,"ocean_custom_logo_mobile_max_width":0,"ocean_custom_logo_max_height":0,"ocean_custom_logo_tablet_max_height":0,"ocean_custom_logo_mobile_max_height":0,"ocean_header_custom_menu":"0","ocean_menu_typo_font_family":"0","ocean_menu_typo_font_subset":"","ocean_menu_typo_font_size":0,"ocean_menu_typo_font_size_tablet":0,"ocean_menu_typo_font_size_mobile":0,"ocean_menu_typo_font_size_unit":"px","ocean_menu_typo_font_weight":"900","ocean_menu_typo_font_weight_tablet":"","ocean_menu_typo_font_weight_mobile":"","ocean_menu_typo_transform":"","ocean_menu_typo_transform_tablet":"","ocean_menu_typo_transform_mobile":"","ocean_menu_typo_line_height":0,"ocean_menu_typo_line_height_tablet":0,"ocean_menu_typo_line_height_mobile":0,"ocean_menu_typo_line_height_unit":"","ocean_menu_typo_spacing":0,"ocean_menu_typo_spacing_tablet":0,"ocean_menu_typo_spacing_mobile":0,"ocean_menu_typo_spacing_unit":"","ocean_menu_link_color":"","ocean_menu_link_color_hover":"","ocean_menu_link_color_active":"","ocean_menu_link_background":"","ocean_menu_link_hover_background":"","ocean_menu_link_active_background":"","ocean_menu_social_links_bg":"","ocean_menu_social_hover_links_bg":"","ocean_menu_social_links_color":"","ocean_menu_social_hover_links_color":"","ocean_disable_title":"default","ocean_disable_heading":"default","ocean_post_title":"","ocean_post_subheading":"","ocean_post_title_style":"","ocean_post_title_background_color":"","ocean_post_title_background":0,"ocean_post_title_bg_image_position":"","ocean_post_title_bg_image_attachment":"","ocean_post_title_bg_image_repeat":"","ocean_post_title_bg_image_size":"","ocean_post_title_height":0,"ocean_post_title_bg_overlay":0.5,"ocean_post_title_bg_overlay_color":"","ocean_disable_breadcrumbs":"default","ocean_breadcrumbs_color":"","ocean_breadcrumbs_separator_color":"","ocean_breadcrumbs_links_color":"","ocean_breadcrumbs_links_hover_color":"","ocean_display_footer_widgets":"default","ocean_display_footer_bottom":"default","ocean_custom_footer_template":"0","footnotes":""},"class_list":["post-32","page","type-page","status-publish","has-post-thumbnail","hentry","entry","has-media"],"_links":{"self":[{"href":"http:\/\/bimainternational.com\/sr\/wp-json\/wp\/v2\/pages\/32","targetHints":{"allow":["GET"]}}],"collection":[{"href":"http:\/\/bimainternational.com\/sr\/wp-json\/wp\/v2\/pages"}],"about":[{"href":"http:\/\/bimainternational.com\/sr\/wp-json\/wp\/v2\/types\/page"}],"author":[{"embeddable":true,"href":"http:\/\/bimainternational.com\/sr\/wp-json\/wp\/v2\/users\/1"}],"replies":[{"embeddable":true,"href":"http:\/\/bimainternational.com\/sr\/wp-json\/wp\/v2\/comments?post=32"}],"version-history":[{"count":44,"href":"http:\/\/bimainternational.com\/sr\/wp-json\/wp\/v2\/pages\/32\/revisions"}],"predecessor-version":[{"id":653,"href":"http:\/\/bimainternational.com\/sr\/wp-json\/wp\/v2\/pages\/32\/revisions\/653"}],"wp:featuredmedia":[{"embeddable":true,"href":"http:\/\/bimainternational.com\/sr\/wp-json\/wp\/v2\/media\/117"}],"wp:attachment":[{"href":"http:\/\/bimainternational.com\/sr\/wp-json\/wp\/v2\/media?parent=32"}],"curies":[{"name":"wp","href":"https:\/\/api.w.org\/{rel}","templated":true}]}}