{"id":32,"date":"2019-01-31T23:35:07","date_gmt":"2019-01-31T22:35:07","guid":{"rendered":"https:\/\/bimainternational.com\/?page_id=32"},"modified":"2022-01-17T18:22:21","modified_gmt":"2022-01-17T17:22:21","slug":"o","status":"publish","type":"page","link":"http:\/\/bimainternational.com\/en\/o\/","title":{"rendered":"What do we do?"},"content":{"rendered":"<div data-elementor-type=\"wp-post\" data-elementor-id=\"32\" class=\"elementor elementor-32\">\n\t\t\t\t\t\t<section class=\"elementor-section elementor-top-section elementor-element elementor-element-37880fdc elementor-section-boxed elementor-section-height-default elementor-section-height-default\" data-id=\"37880fdc\" data-element_type=\"section\" data-e-type=\"section\">\n\t\t\t\t\t\t<div class=\"elementor-container elementor-column-gap-default\">\n\t\t\t\t\t<div class=\"elementor-column elementor-col-100 elementor-top-column elementor-element elementor-element-726e1358\" data-id=\"726e1358\" data-element_type=\"column\" data-e-type=\"column\">\n\t\t\t<div class=\"elementor-widget-wrap elementor-element-populated\">\n\t\t\t\t\t\t<div class=\"elementor-element elementor-element-5e64baf7 elementor-widget elementor-widget-text-editor\" data-id=\"5e64baf7\" data-element_type=\"widget\" data-e-type=\"widget\" data-widget_type=\"text-editor.default\">\n\t\t\t\t<div class=\"elementor-widget-container\">\n\t\t\t\t\t\t\t\t\t<p><\/p>\n<div class=\"wp-block-image\">\n<figure class=\"aligncenter is-resized\"><img fetchpriority=\"high\" src=\"https:\/\/bimainternational.com\/wp-content\/uploads\/2019\/04\/Cime-se-bavimo-2.jpg\" alt=\"\" class=\"wp-image-603\" width=\"497\" height=\"319\" srcset=\"https:\/\/bimainternational.com\/wp-content\/uploads\/2019\/04\/Cime-se-bavimo-2.jpg 740w, https:\/\/bimainternational.com\/wp-content\/uploads\/2019\/04\/Cime-se-bavimo-2-300x193.jpg 300w\" sizes=\"(max-width: 497px) 100vw, 497px\" \/><\/figure>\n<\/div>\n<p><\/p>\n<p><\/p>\n<p><strong>Bima International<\/strong> is an export intermediary company specialized in facilitating trade in the European market. Since its foundation in 2004, has developed a wide network of associates and business partners across Europe and <strong>is present on the market of 16 countries:<\/strong> Serbia, Montenegro, Bosnia and Herzegovina, Croatia, Macedonia, Slovenia, Albania, Romania, Greece, Bulgaria, Malta, Israel, Poland, Belarus and Slovakia ... Bima International offers high competence based on professional experience and young, international and highly professional team of collaborators. Our excellent knowledge of the market on which we work and current trends, give us possibility to monitor our clients to reach success in new markets.<br><br><strong>Biljana Karapand\u017ei\u0107<\/strong>, the owner of the company, graduated from Faculty of Economics in Belgrade in 1998 and further professional development continues in Italy. She started her career in January 2001 at the Colorchimica Spa factory in Verona, where she worked as an Export Manager, developing a distribution network and following the market demands in the Balkans, gaining basic experience. In April 2004, she decided to start an independent career and open the company with the support of her family as well as of her key strategic business partners. Step by step, she is expanding her network in over 15 countries and satisfied clients, some of which are the world's most renowned multinational corporations with whom she have a personal brand agreement, are recommending her to other members of the Group in other regions. We are continually following customers\u2019 requests for mutual satisfaction and developing cooperation with new business partners throughout Europe.<br><\/p>\n<p><\/p>\n<p><\/p>\n<div class=\"wp-block-image\">\n<figure class=\"aligncenter is-resized\"><img src=\"https:\/\/bimainternational.com\/wp-content\/uploads\/2019\/04\/SAJAM-TEHNIKE-BEOGRAD-2005_2.jpg\" alt=\"\" class=\"wp-image-483\" width=\"465\" height=\"349\" srcset=\"https:\/\/bimainternational.com\/wp-content\/uploads\/2019\/04\/SAJAM-TEHNIKE-BEOGRAD-2005_2.jpg 800w, https:\/\/bimainternational.com\/wp-content\/uploads\/2019\/04\/SAJAM-TEHNIKE-BEOGRAD-2005_2-300x225.jpg 300w, https:\/\/bimainternational.com\/wp-content\/uploads\/2019\/04\/SAJAM-TEHNIKE-BEOGRAD-2005_2-768x576.jpg 768w\" sizes=\"(max-width: 465px) 100vw, 465px\" \/><\/figure>\n<\/div>\n<p><\/p>\n<p><\/p>\n<p><strong>Bima International offers you the following services<\/strong>:<\/p>\n<p><\/p>\n<p><\/p>\n<ul class=\"wp-block-list\">\n<li><strong>Market analysis<\/strong>&nbsp;(Which are our most important competitors? What are the competitive prices? What are the still unmet needs in the market? What is the probability of selling a new product? Which is the best sales channel for product promotion?<\/li>\n<li><strong>Search for business partners<\/strong>&nbsp;(We choose adequate contacts for the specific needs of our clients)<\/li>\n<li><strong>Search for a product<\/strong>&nbsp;(Our services for finding foreign suppliers offer the opportunity to establish business relationships for the procurement of raw materials, semi-finished products and other necessary parts for your production)<\/li>\n<li><strong>Organization of trade fairs<\/strong>&nbsp;(We take care of your participation in fairs - from registration to the organization of the booth, including the organization of your trip and stay)<\/li>\n<li><strong>Market Development Strategy and Distribution Organization.<\/strong><\/li>\n<\/ul>\n<p><\/p>\n<p><\/p>\n<div class=\"wp-block-image\">\n<figure class=\"aligncenter is-resized\"><img src=\"https:\/\/bimainternational.com\/wp-content\/uploads\/2019\/04\/IMG_20190121_171230-2.jpg\" alt=\"\" class=\"wp-image-471\" width=\"446\" height=\"335\" srcset=\"https:\/\/bimainternational.com\/wp-content\/uploads\/2019\/04\/IMG_20190121_171230-2.jpg 800w, https:\/\/bimainternational.com\/wp-content\/uploads\/2019\/04\/IMG_20190121_171230-2-300x225.jpg 300w, https:\/\/bimainternational.com\/wp-content\/uploads\/2019\/04\/IMG_20190121_171230-2-768x576.jpg 768w\" sizes=\"(max-width: 446px) 100vw, 446px\" \/><\/figure>\n<\/div>\n<p><\/p>\n<p><\/p>\n<p>Bima International has the ability to operate in all market sectors. Over the past years, we have had success especially in:<\/p>\n<p><\/p>\n<p><\/p>\n<ul class=\"wp-block-list\">\n<li><strong>Automotive sector - <\/strong>PU adhesives, PU adhesives for car glass, MS polymers, technical sprays, idustrial cleaners and degresers.<\/li>\n<li><strong>Building sector<\/strong> a complete program for the installation of parquet and pvc, paints and varnishes, varnishes for wood, silicones and sealants, PU foams, paint sprays, thinners etc.<\/li>\n<\/ul>\n<p><\/p>\n<p><\/p>\n<div class=\"wp-block-image\">\n<figure class=\"aligncenter is-resized\"><img loading=\"lazy\" src=\"https:\/\/bimainternational.com\/wp-content\/uploads\/2019\/04\/Cime-se-bavimo.-jpg.jpg\" alt=\"\" class=\"wp-image-604\" width=\"494\" height=\"329\" srcset=\"https:\/\/bimainternational.com\/wp-content\/uploads\/2019\/04\/Cime-se-bavimo.-jpg.jpg 750w, https:\/\/bimainternational.com\/wp-content\/uploads\/2019\/04\/Cime-se-bavimo.-jpg-300x200.jpg 300w\" sizes=\"(max-width: 494px) 100vw, 494px\" \/><\/figure>\n<\/div>\n<p><\/p>\t\t\t\t\t\t\t\t<\/div>\n\t\t\t\t<\/div>\n\t\t\t\t\t<\/div>\n\t\t<\/div>\n\t\t\t\t\t<\/div>\n\t\t<\/section>\n\t\t\t\t<\/div>","protected":false},"excerpt":{"rendered":"<p>Bima International je firma koja se bavi posredovanjem u me\u0111unarodnoj trgovini na tr\u017ei\u0161tu Evrope. Od svog osnivanja 2004. god. razvila je \u0161iroku mre\u017eu saradnika i poslovnih partnera \u0161irom Evrope, prisutna je na tr\u017ei\u0161tu 16 zemalja: Srbiji, Crnoj Gori, Bosni i Hercegovini, Hrvatskoj, Makedoniji, Sloveniji, Albaniji, Rumuniji, Gr\u010dkoj, Bugarskoj, Malti, Izraelu, Poljskoj, Belorusiji i Slova\u010dkoj\u2026 Bima [&hellip;]<\/p>\n","protected":false},"author":1,"featured_media":117,"parent":0,"menu_order":0,"comment_status":"closed","ping_status":"closed","template":"","meta":{"ocean_post_layout":"","ocean_both_sidebars_style":"","ocean_both_sidebars_content_width":0,"ocean_both_sidebars_sidebars_width":0,"ocean_sidebar":"0","ocean_second_sidebar":"0","ocean_disable_margins":"enable","ocean_add_body_class":"","ocean_shortcode_before_top_bar":"","ocean_shortcode_after_top_bar":"","ocean_shortcode_before_header":"","ocean_shortcode_after_header":"","ocean_has_shortcode":"","ocean_shortcode_after_title":"","ocean_shortcode_before_footer_widgets":"","ocean_shortcode_after_footer_widgets":"","ocean_shortcode_before_footer_bottom":"","ocean_shortcode_after_footer_bottom":"","ocean_display_top_bar":"default","ocean_display_header":"default","ocean_header_style":"","ocean_center_header_left_menu":"0","ocean_custom_header_template":"0","ocean_custom_logo":0,"ocean_custom_retina_logo":0,"ocean_custom_logo_max_width":0,"ocean_custom_logo_tablet_max_width":0,"ocean_custom_logo_mobile_max_width":0,"ocean_custom_logo_max_height":0,"ocean_custom_logo_tablet_max_height":0,"ocean_custom_logo_mobile_max_height":0,"ocean_header_custom_menu":"0","ocean_menu_typo_font_family":"0","ocean_menu_typo_font_subset":"","ocean_menu_typo_font_size":0,"ocean_menu_typo_font_size_tablet":0,"ocean_menu_typo_font_size_mobile":0,"ocean_menu_typo_font_size_unit":"px","ocean_menu_typo_font_weight":"900","ocean_menu_typo_font_weight_tablet":"","ocean_menu_typo_font_weight_mobile":"","ocean_menu_typo_transform":"","ocean_menu_typo_transform_tablet":"","ocean_menu_typo_transform_mobile":"","ocean_menu_typo_line_height":0,"ocean_menu_typo_line_height_tablet":0,"ocean_menu_typo_line_height_mobile":0,"ocean_menu_typo_line_height_unit":"","ocean_menu_typo_spacing":0,"ocean_menu_typo_spacing_tablet":0,"ocean_menu_typo_spacing_mobile":0,"ocean_menu_typo_spacing_unit":"","ocean_menu_link_color":"","ocean_menu_link_color_hover":"","ocean_menu_link_color_active":"","ocean_menu_link_background":"","ocean_menu_link_hover_background":"","ocean_menu_link_active_background":"","ocean_menu_social_links_bg":"","ocean_menu_social_hover_links_bg":"","ocean_menu_social_links_color":"","ocean_menu_social_hover_links_color":"","ocean_disable_title":"default","ocean_disable_heading":"default","ocean_post_title":"","ocean_post_subheading":"","ocean_post_title_style":"","ocean_post_title_background_color":"","ocean_post_title_background":0,"ocean_post_title_bg_image_position":"","ocean_post_title_bg_image_attachment":"","ocean_post_title_bg_image_repeat":"","ocean_post_title_bg_image_size":"","ocean_post_title_height":0,"ocean_post_title_bg_overlay":0.5,"ocean_post_title_bg_overlay_color":"","ocean_disable_breadcrumbs":"default","ocean_breadcrumbs_color":"","ocean_breadcrumbs_separator_color":"","ocean_breadcrumbs_links_color":"","ocean_breadcrumbs_links_hover_color":"","ocean_display_footer_widgets":"default","ocean_display_footer_bottom":"default","ocean_custom_footer_template":"0","footnotes":""},"class_list":["post-32","page","type-page","status-publish","has-post-thumbnail","hentry","entry","has-media"],"_links":{"self":[{"href":"http:\/\/bimainternational.com\/en\/wp-json\/wp\/v2\/pages\/32","targetHints":{"allow":["GET"]}}],"collection":[{"href":"http:\/\/bimainternational.com\/en\/wp-json\/wp\/v2\/pages"}],"about":[{"href":"http:\/\/bimainternational.com\/en\/wp-json\/wp\/v2\/types\/page"}],"author":[{"embeddable":true,"href":"http:\/\/bimainternational.com\/en\/wp-json\/wp\/v2\/users\/1"}],"replies":[{"embeddable":true,"href":"http:\/\/bimainternational.com\/en\/wp-json\/wp\/v2\/comments?post=32"}],"version-history":[{"count":44,"href":"http:\/\/bimainternational.com\/en\/wp-json\/wp\/v2\/pages\/32\/revisions"}],"predecessor-version":[{"id":653,"href":"http:\/\/bimainternational.com\/en\/wp-json\/wp\/v2\/pages\/32\/revisions\/653"}],"wp:featuredmedia":[{"embeddable":true,"href":"http:\/\/bimainternational.com\/en\/wp-json\/wp\/v2\/media\/117"}],"wp:attachment":[{"href":"http:\/\/bimainternational.com\/en\/wp-json\/wp\/v2\/media?parent=32"}],"curies":[{"name":"wp","href":"https:\/\/api.w.org\/{rel}","templated":true}]}}